{"id":4526,"date":"2015-10-13T10:13:05","date_gmt":"2015-10-13T09:13:05","guid":{"rendered":"https:\/\/www.preference-events.com\/evenements-paris-france-monde\/"},"modified":"2021-09-30T08:22:49","modified_gmt":"2021-09-30T07:22:49","slug":"evenements-paris-france-monde","status":"publish","type":"page","link":"https:\/\/www.preference-events.com\/en\/evenements-paris-france-monde\/","title":{"rendered":"\u00c9v\u00e9nements"},"content":{"rendered":"\n<p>We forge such strong ties because you entrust us with your most important events.<\/p>\n\n\n\n<p>It\u2019s the vibe between us that counts!<\/p>\n","protected":false},"excerpt":{"rendered":"<p>We forge such strong ties because you entrust us with your most important events. It\u2019s the vibe between us that counts!<\/p>\n","protected":false},"author":1,"featured_media":0,"parent":0,"menu_order":11,"comment_status":"closed","ping_status":"closed","template":"page-evenements.php","meta":{"_acf_changed":false,"footnotes":""},"class_list":["post-4526","page","type-page","status-publish","hentry"],"acf":[],"yoast_head":"<!-- This site is optimized with the Yoast SEO plugin v27.1.1 - https:\/\/yoast.com\/product\/yoast-seo-wordpress\/ -->\n<title>Ev\u00e9nements par Preference Events<\/title>\n<meta name=\"description\" content=\"Ev\u00e9nements\u00a0d&#039;exception : s\u00e9minaires, comit\u00e9s ou voyages incentives, \u00e0 Paris, en France et \u00e0 l&#039;\u00e9tranger\u00a0con\u00e7us, produits et organis\u00e9s par PREFERENCE EVENTS.\u00a0\" \/>\n<meta name=\"robots\" content=\"index, follow, max-snippet:-1, max-image-preview:large, max-video-preview:-1\" \/>\n<link rel=\"canonical\" href=\"https:\/\/www.preference-events.com\/en\/evenements-paris-france-monde\/\" \/>\n<meta property=\"og:locale\" content=\"en_US\" \/>\n<meta property=\"og:type\" content=\"article\" \/>\n<meta property=\"og:title\" content=\"Ev\u00e9nements par Preference Events\" \/>\n<meta property=\"og:description\" content=\"Ev\u00e9nements\u00a0d&#039;exception : s\u00e9minaires, comit\u00e9s ou voyages incentives, \u00e0 Paris, en France et \u00e0 l&#039;\u00e9tranger\u00a0con\u00e7us, produits et organis\u00e9s par PREFERENCE EVENTS.\u00a0\" \/>\n<meta property=\"og:url\" content=\"https:\/\/www.preference-events.com\/en\/evenements-paris-france-monde\/\" \/>\n<meta property=\"og:site_name\" content=\"Preference Events\" \/>\n<meta property=\"article:publisher\" content=\"https:\/\/www.facebook.com\/PREFERENCE-EVENTS-566017730128761\/\" \/>\n<meta property=\"article:modified_time\" content=\"2021-09-30T07:22:49+00:00\" \/>\n<meta name=\"twitter:card\" content=\"summary_large_image\" \/>\n<meta name=\"twitter:label1\" content=\"Est. reading time\" \/>\n\t<meta name=\"twitter:data1\" content=\"1 minute\" \/>\n<script type=\"application\/ld+json\" class=\"yoast-schema-graph\">{\"@context\":\"https:\/\/schema.org\",\"@graph\":[{\"@type\":\"WebPage\",\"@id\":\"https:\/\/www.preference-events.com\/en\/evenements-paris-france-monde\/\",\"url\":\"https:\/\/www.preference-events.com\/en\/evenements-paris-france-monde\/\",\"name\":\"Ev\u00e9nements par Preference Events\",\"isPartOf\":{\"@id\":\"https:\/\/www.preference-events.com\/#website\"},\"datePublished\":\"2015-10-13T09:13:05+00:00\",\"dateModified\":\"2021-09-30T07:22:49+00:00\",\"description\":\"Ev\u00e9nements\u00a0d'exception : s\u00e9minaires, comit\u00e9s ou voyages incentives, \u00e0 Paris, en France et \u00e0 l'\u00e9tranger\u00a0con\u00e7us, produits et organis\u00e9s par PREFERENCE EVENTS.\u00a0\",\"breadcrumb\":{\"@id\":\"https:\/\/www.preference-events.com\/en\/evenements-paris-france-monde\/#breadcrumb\"},\"inLanguage\":\"en-US\",\"potentialAction\":[{\"@type\":\"ReadAction\",\"target\":[\"https:\/\/www.preference-events.com\/en\/evenements-paris-france-monde\/\"]}]},{\"@type\":\"BreadcrumbList\",\"@id\":\"https:\/\/www.preference-events.com\/en\/evenements-paris-france-monde\/#breadcrumb\",\"itemListElement\":[{\"@type\":\"ListItem\",\"position\":1,\"name\":\"Accueil\",\"item\":\"https:\/\/www.preference-events.com\/en\/\"},{\"@type\":\"ListItem\",\"position\":2,\"name\":\"\u00c9v\u00e9nements\"}]},{\"@type\":\"WebSite\",\"@id\":\"https:\/\/www.preference-events.com\/#website\",\"url\":\"https:\/\/www.preference-events.com\/\",\"name\":\"Preference Events\",\"description\":\"\",\"potentialAction\":[{\"@type\":\"SearchAction\",\"target\":{\"@type\":\"EntryPoint\",\"urlTemplate\":\"https:\/\/www.preference-events.com\/?s={search_term_string}\"},\"query-input\":{\"@type\":\"PropertyValueSpecification\",\"valueRequired\":true,\"valueName\":\"search_term_string\"}}],\"inLanguage\":\"en-US\"}]}<\/script>\n<!-- \/ Yoast SEO plugin. -->","yoast_head_json":{"title":"Ev\u00e9nements par Preference Events","description":"Ev\u00e9nements\u00a0d'exception : s\u00e9minaires, comit\u00e9s ou voyages incentives, \u00e0 Paris, en France et \u00e0 l'\u00e9tranger\u00a0con\u00e7us, produits et organis\u00e9s par PREFERENCE EVENTS.\u00a0","robots":{"index":"index","follow":"follow","max-snippet":"max-snippet:-1","max-image-preview":"max-image-preview:large","max-video-preview":"max-video-preview:-1"},"canonical":"https:\/\/www.preference-events.com\/en\/evenements-paris-france-monde\/","og_locale":"en_US","og_type":"article","og_title":"Ev\u00e9nements par Preference Events","og_description":"Ev\u00e9nements\u00a0d'exception : s\u00e9minaires, comit\u00e9s ou voyages incentives, \u00e0 Paris, en France et \u00e0 l'\u00e9tranger\u00a0con\u00e7us, produits et organis\u00e9s par PREFERENCE EVENTS.\u00a0","og_url":"https:\/\/www.preference-events.com\/en\/evenements-paris-france-monde\/","og_site_name":"Preference Events","article_publisher":"https:\/\/www.facebook.com\/PREFERENCE-EVENTS-566017730128761\/","article_modified_time":"2021-09-30T07:22:49+00:00","twitter_card":"summary_large_image","twitter_misc":{"Est. reading time":"1 minute"},"schema":{"@context":"https:\/\/schema.org","@graph":[{"@type":"WebPage","@id":"https:\/\/www.preference-events.com\/en\/evenements-paris-france-monde\/","url":"https:\/\/www.preference-events.com\/en\/evenements-paris-france-monde\/","name":"Ev\u00e9nements par Preference Events","isPartOf":{"@id":"https:\/\/www.preference-events.com\/#website"},"datePublished":"2015-10-13T09:13:05+00:00","dateModified":"2021-09-30T07:22:49+00:00","description":"Ev\u00e9nements\u00a0d'exception : s\u00e9minaires, comit\u00e9s ou voyages incentives, \u00e0 Paris, en France et \u00e0 l'\u00e9tranger\u00a0con\u00e7us, produits et organis\u00e9s par PREFERENCE EVENTS.\u00a0","breadcrumb":{"@id":"https:\/\/www.preference-events.com\/en\/evenements-paris-france-monde\/#breadcrumb"},"inLanguage":"en-US","potentialAction":[{"@type":"ReadAction","target":["https:\/\/www.preference-events.com\/en\/evenements-paris-france-monde\/"]}]},{"@type":"BreadcrumbList","@id":"https:\/\/www.preference-events.com\/en\/evenements-paris-france-monde\/#breadcrumb","itemListElement":[{"@type":"ListItem","position":1,"name":"Accueil","item":"https:\/\/www.preference-events.com\/en\/"},{"@type":"ListItem","position":2,"name":"\u00c9v\u00e9nements"}]},{"@type":"WebSite","@id":"https:\/\/www.preference-events.com\/#website","url":"https:\/\/www.preference-events.com\/","name":"Preference Events","description":"","potentialAction":[{"@type":"SearchAction","target":{"@type":"EntryPoint","urlTemplate":"https:\/\/www.preference-events.com\/?s={search_term_string}"},"query-input":{"@type":"PropertyValueSpecification","valueRequired":true,"valueName":"search_term_string"}}],"inLanguage":"en-US"}]}},"_links":{"self":[{"href":"https:\/\/www.preference-events.com\/en\/wp-json\/wp\/v2\/pages\/4526","targetHints":{"allow":["GET"]}}],"collection":[{"href":"https:\/\/www.preference-events.com\/en\/wp-json\/wp\/v2\/pages"}],"about":[{"href":"https:\/\/www.preference-events.com\/en\/wp-json\/wp\/v2\/types\/page"}],"author":[{"embeddable":true,"href":"https:\/\/www.preference-events.com\/en\/wp-json\/wp\/v2\/users\/1"}],"replies":[{"embeddable":true,"href":"https:\/\/www.preference-events.com\/en\/wp-json\/wp\/v2\/comments?post=4526"}],"version-history":[{"count":4,"href":"https:\/\/www.preference-events.com\/en\/wp-json\/wp\/v2\/pages\/4526\/revisions"}],"predecessor-version":[{"id":5985,"href":"https:\/\/www.preference-events.com\/en\/wp-json\/wp\/v2\/pages\/4526\/revisions\/5985"}],"wp:attachment":[{"href":"https:\/\/www.preference-events.com\/en\/wp-json\/wp\/v2\/media?parent=4526"}],"curies":[{"name":"wp","href":"https:\/\/api.w.org\/{rel}","templated":true}]}}