{"id":4537,"date":"2015-09-22T12:41:13","date_gmt":"2015-09-22T11:41:13","guid":{"rendered":"https:\/\/www.preference-events.com\/notre-equipe\/"},"modified":"2025-04-16T10:58:11","modified_gmt":"2025-04-16T09:58:11","slug":"notre-equipe","status":"publish","type":"page","link":"https:\/\/www.preference-events.com\/en\/notre-equipe\/","title":{"rendered":"Our agency"},"content":{"rendered":"\r\n<p>We invent events in your image with special moments that help to forge our special bonds.<\/p>\r\n\r\n\r\n\r\n<p>Enjoying unforgettable experiences together<\/p>\r\n","protected":false},"excerpt":{"rendered":"<p>We invent events in your image with special moments that help to forge our special bonds. Enjoying unforgettable experiences together<\/p>\n","protected":false},"author":1,"featured_media":0,"parent":0,"menu_order":80,"comment_status":"closed","ping_status":"closed","template":"page-equipe.php","meta":{"_acf_changed":false,"footnotes":""},"class_list":["post-4537","page","type-page","status-publish","hentry"],"acf":[],"yoast_head":"<!-- This site is optimized with the Yoast SEO plugin v27.1.1 - https:\/\/yoast.com\/product\/yoast-seo-wordpress\/ -->\n<title>L&#039;\u00e9quipe de PREFERENCE EVENTS<\/title>\n<meta name=\"description\" content=\"L&#039;\u00e9quipe de l&#039;agence Preference Events vous aidera dans l&#039;organisation d&#039;\u00e9v\u00e9nements de luxe pour votre entreprise \u00e0 Paris, en France ou \u00e0 l&#039;\u00e9tranger.\u00a0\" \/>\n<meta name=\"robots\" content=\"index, follow, max-snippet:-1, max-image-preview:large, max-video-preview:-1\" \/>\n<link rel=\"canonical\" href=\"https:\/\/www.preference-events.com\/en\/notre-equipe\/\" \/>\n<meta property=\"og:locale\" content=\"en_US\" \/>\n<meta property=\"og:type\" content=\"article\" \/>\n<meta property=\"og:title\" content=\"L&#039;\u00e9quipe de PREFERENCE EVENTS\" \/>\n<meta property=\"og:description\" content=\"L&#039;\u00e9quipe de l&#039;agence Preference Events vous aidera dans l&#039;organisation d&#039;\u00e9v\u00e9nements de luxe pour votre entreprise \u00e0 Paris, en France ou \u00e0 l&#039;\u00e9tranger.\u00a0\" \/>\n<meta property=\"og:url\" content=\"https:\/\/www.preference-events.com\/en\/notre-equipe\/\" \/>\n<meta property=\"og:site_name\" content=\"Preference Events\" \/>\n<meta property=\"article:publisher\" content=\"https:\/\/www.facebook.com\/PREFERENCE-EVENTS-566017730128761\/\" \/>\n<meta property=\"article:modified_time\" content=\"2025-04-16T09:58:11+00:00\" \/>\n<meta name=\"twitter:card\" content=\"summary_large_image\" \/>\n<meta name=\"twitter:label1\" content=\"Est. reading time\" \/>\n\t<meta name=\"twitter:data1\" content=\"1 minute\" \/>\n<script type=\"application\/ld+json\" class=\"yoast-schema-graph\">{\"@context\":\"https:\/\/schema.org\",\"@graph\":[{\"@type\":\"WebPage\",\"@id\":\"https:\/\/www.preference-events.com\/en\/notre-equipe\/\",\"url\":\"https:\/\/www.preference-events.com\/en\/notre-equipe\/\",\"name\":\"L'\u00e9quipe de PREFERENCE EVENTS\",\"isPartOf\":{\"@id\":\"https:\/\/www.preference-events.com\/#website\"},\"datePublished\":\"2015-09-22T11:41:13+00:00\",\"dateModified\":\"2025-04-16T09:58:11+00:00\",\"description\":\"L'\u00e9quipe de l'agence Preference Events vous aidera dans l'organisation d'\u00e9v\u00e9nements de luxe pour votre entreprise \u00e0 Paris, en France ou \u00e0 l'\u00e9tranger.\u00a0\",\"breadcrumb\":{\"@id\":\"https:\/\/www.preference-events.com\/en\/notre-equipe\/#breadcrumb\"},\"inLanguage\":\"en-US\",\"potentialAction\":[{\"@type\":\"ReadAction\",\"target\":[\"https:\/\/www.preference-events.com\/en\/notre-equipe\/\"]}]},{\"@type\":\"BreadcrumbList\",\"@id\":\"https:\/\/www.preference-events.com\/en\/notre-equipe\/#breadcrumb\",\"itemListElement\":[{\"@type\":\"ListItem\",\"position\":1,\"name\":\"Accueil\",\"item\":\"https:\/\/www.preference-events.com\/en\/\"},{\"@type\":\"ListItem\",\"position\":2,\"name\":\"Our agency\"}]},{\"@type\":\"WebSite\",\"@id\":\"https:\/\/www.preference-events.com\/#website\",\"url\":\"https:\/\/www.preference-events.com\/\",\"name\":\"Preference Events\",\"description\":\"\",\"potentialAction\":[{\"@type\":\"SearchAction\",\"target\":{\"@type\":\"EntryPoint\",\"urlTemplate\":\"https:\/\/www.preference-events.com\/?s={search_term_string}\"},\"query-input\":{\"@type\":\"PropertyValueSpecification\",\"valueRequired\":true,\"valueName\":\"search_term_string\"}}],\"inLanguage\":\"en-US\"}]}<\/script>\n<!-- \/ Yoast SEO plugin. -->","yoast_head_json":{"title":"L'\u00e9quipe de PREFERENCE EVENTS","description":"L'\u00e9quipe de l'agence Preference Events vous aidera dans l'organisation d'\u00e9v\u00e9nements de luxe pour votre entreprise \u00e0 Paris, en France ou \u00e0 l'\u00e9tranger.\u00a0","robots":{"index":"index","follow":"follow","max-snippet":"max-snippet:-1","max-image-preview":"max-image-preview:large","max-video-preview":"max-video-preview:-1"},"canonical":"https:\/\/www.preference-events.com\/en\/notre-equipe\/","og_locale":"en_US","og_type":"article","og_title":"L'\u00e9quipe de PREFERENCE EVENTS","og_description":"L'\u00e9quipe de l'agence Preference Events vous aidera dans l'organisation d'\u00e9v\u00e9nements de luxe pour votre entreprise \u00e0 Paris, en France ou \u00e0 l'\u00e9tranger.\u00a0","og_url":"https:\/\/www.preference-events.com\/en\/notre-equipe\/","og_site_name":"Preference Events","article_publisher":"https:\/\/www.facebook.com\/PREFERENCE-EVENTS-566017730128761\/","article_modified_time":"2025-04-16T09:58:11+00:00","twitter_card":"summary_large_image","twitter_misc":{"Est. reading time":"1 minute"},"schema":{"@context":"https:\/\/schema.org","@graph":[{"@type":"WebPage","@id":"https:\/\/www.preference-events.com\/en\/notre-equipe\/","url":"https:\/\/www.preference-events.com\/en\/notre-equipe\/","name":"L'\u00e9quipe de PREFERENCE EVENTS","isPartOf":{"@id":"https:\/\/www.preference-events.com\/#website"},"datePublished":"2015-09-22T11:41:13+00:00","dateModified":"2025-04-16T09:58:11+00:00","description":"L'\u00e9quipe de l'agence Preference Events vous aidera dans l'organisation d'\u00e9v\u00e9nements de luxe pour votre entreprise \u00e0 Paris, en France ou \u00e0 l'\u00e9tranger.\u00a0","breadcrumb":{"@id":"https:\/\/www.preference-events.com\/en\/notre-equipe\/#breadcrumb"},"inLanguage":"en-US","potentialAction":[{"@type":"ReadAction","target":["https:\/\/www.preference-events.com\/en\/notre-equipe\/"]}]},{"@type":"BreadcrumbList","@id":"https:\/\/www.preference-events.com\/en\/notre-equipe\/#breadcrumb","itemListElement":[{"@type":"ListItem","position":1,"name":"Accueil","item":"https:\/\/www.preference-events.com\/en\/"},{"@type":"ListItem","position":2,"name":"Our agency"}]},{"@type":"WebSite","@id":"https:\/\/www.preference-events.com\/#website","url":"https:\/\/www.preference-events.com\/","name":"Preference Events","description":"","potentialAction":[{"@type":"SearchAction","target":{"@type":"EntryPoint","urlTemplate":"https:\/\/www.preference-events.com\/?s={search_term_string}"},"query-input":{"@type":"PropertyValueSpecification","valueRequired":true,"valueName":"search_term_string"}}],"inLanguage":"en-US"}]}},"_links":{"self":[{"href":"https:\/\/www.preference-events.com\/en\/wp-json\/wp\/v2\/pages\/4537","targetHints":{"allow":["GET"]}}],"collection":[{"href":"https:\/\/www.preference-events.com\/en\/wp-json\/wp\/v2\/pages"}],"about":[{"href":"https:\/\/www.preference-events.com\/en\/wp-json\/wp\/v2\/types\/page"}],"author":[{"embeddable":true,"href":"https:\/\/www.preference-events.com\/en\/wp-json\/wp\/v2\/users\/1"}],"replies":[{"embeddable":true,"href":"https:\/\/www.preference-events.com\/en\/wp-json\/wp\/v2\/comments?post=4537"}],"version-history":[{"count":17,"href":"https:\/\/www.preference-events.com\/en\/wp-json\/wp\/v2\/pages\/4537\/revisions"}],"predecessor-version":[{"id":8693,"href":"https:\/\/www.preference-events.com\/en\/wp-json\/wp\/v2\/pages\/4537\/revisions\/8693"}],"wp:attachment":[{"href":"https:\/\/www.preference-events.com\/en\/wp-json\/wp\/v2\/media?parent=4537"}],"curies":[{"name":"wp","href":"https:\/\/api.w.org\/{rel}","templated":true}]}}