{"id":4582,"date":"2015-10-20T15:04:48","date_gmt":"2015-10-20T14:04:48","guid":{"rendered":"https:\/\/www.preference-events.com\/credits\/"},"modified":"2020-02-19T09:56:37","modified_gmt":"2020-02-19T08:56:37","slug":"credits","status":"publish","type":"page","link":"https:\/\/www.preference-events.com\/en\/credits\/","title":{"rendered":"Cr\u00e9dits"},"content":{"rendered":"<p><\/p>\n<p><strong>Conception, cr\u00e9ation et r\u00e9alisation<\/strong><\/p>\n<p><a href=\"http:\/\/www.superlovers.fr\/\" target=\"_blank\" rel=\"noopener noreferrer\">Superlovers<\/a><\/p>\n<p><\/p>\n<p><strong>Cr\u00e9dits photos<\/strong><\/p>\n<p>Shutterstock<\/p>\n\n\n<p><\/p>\n","protected":false},"excerpt":{"rendered":"<p>Conception, cr\u00e9ation et r\u00e9alisation Superlovers Cr\u00e9dits photos Shutterstock<\/p>\n","protected":false},"author":1,"featured_media":0,"parent":0,"menu_order":110,"comment_status":"closed","ping_status":"closed","template":"page-credits.php","meta":{"_acf_changed":false,"footnotes":""},"class_list":["post-4582","page","type-page","status-publish","hentry"],"acf":[],"yoast_head":"<!-- This site is optimized with the Yoast SEO plugin v27.1.1 - https:\/\/yoast.com\/product\/yoast-seo-wordpress\/ -->\n<title>SUPERLOVERS pour Preference Events<\/title>\n<meta name=\"robots\" content=\"index, follow, max-snippet:-1, max-image-preview:large, max-video-preview:-1\" \/>\n<link rel=\"canonical\" href=\"https:\/\/www.preference-events.com\/en\/credits\/\" \/>\n<meta property=\"og:locale\" content=\"en_US\" \/>\n<meta property=\"og:type\" content=\"article\" \/>\n<meta property=\"og:title\" content=\"SUPERLOVERS pour Preference Events\" \/>\n<meta property=\"og:description\" content=\"Conception, cr\u00e9ation et r\u00e9alisation Superlovers Cr\u00e9dits photos Shutterstock\" \/>\n<meta property=\"og:url\" content=\"https:\/\/www.preference-events.com\/en\/credits\/\" \/>\n<meta property=\"og:site_name\" content=\"Preference Events\" \/>\n<meta property=\"article:publisher\" content=\"https:\/\/www.facebook.com\/PREFERENCE-EVENTS-566017730128761\/\" \/>\n<meta property=\"article:modified_time\" content=\"2020-02-19T08:56:37+00:00\" \/>\n<meta name=\"twitter:card\" content=\"summary_large_image\" \/>\n<script type=\"application\/ld+json\" class=\"yoast-schema-graph\">{\"@context\":\"https:\/\/schema.org\",\"@graph\":[{\"@type\":\"WebPage\",\"@id\":\"https:\/\/www.preference-events.com\/en\/credits\/\",\"url\":\"https:\/\/www.preference-events.com\/en\/credits\/\",\"name\":\"SUPERLOVERS pour Preference Events\",\"isPartOf\":{\"@id\":\"https:\/\/www.preference-events.com\/#website\"},\"datePublished\":\"2015-10-20T14:04:48+00:00\",\"dateModified\":\"2020-02-19T08:56:37+00:00\",\"breadcrumb\":{\"@id\":\"https:\/\/www.preference-events.com\/en\/credits\/#breadcrumb\"},\"inLanguage\":\"en-US\",\"potentialAction\":[{\"@type\":\"ReadAction\",\"target\":[\"https:\/\/www.preference-events.com\/en\/credits\/\"]}]},{\"@type\":\"BreadcrumbList\",\"@id\":\"https:\/\/www.preference-events.com\/en\/credits\/#breadcrumb\",\"itemListElement\":[{\"@type\":\"ListItem\",\"position\":1,\"name\":\"Accueil\",\"item\":\"https:\/\/www.preference-events.com\/en\/\"},{\"@type\":\"ListItem\",\"position\":2,\"name\":\"Cr\u00e9dits\"}]},{\"@type\":\"WebSite\",\"@id\":\"https:\/\/www.preference-events.com\/#website\",\"url\":\"https:\/\/www.preference-events.com\/\",\"name\":\"Preference Events\",\"description\":\"\",\"potentialAction\":[{\"@type\":\"SearchAction\",\"target\":{\"@type\":\"EntryPoint\",\"urlTemplate\":\"https:\/\/www.preference-events.com\/?s={search_term_string}\"},\"query-input\":{\"@type\":\"PropertyValueSpecification\",\"valueRequired\":true,\"valueName\":\"search_term_string\"}}],\"inLanguage\":\"en-US\"}]}<\/script>\n<!-- \/ Yoast SEO plugin. -->","yoast_head_json":{"title":"SUPERLOVERS pour Preference Events","robots":{"index":"index","follow":"follow","max-snippet":"max-snippet:-1","max-image-preview":"max-image-preview:large","max-video-preview":"max-video-preview:-1"},"canonical":"https:\/\/www.preference-events.com\/en\/credits\/","og_locale":"en_US","og_type":"article","og_title":"SUPERLOVERS pour Preference Events","og_description":"Conception, cr\u00e9ation et r\u00e9alisation Superlovers Cr\u00e9dits photos Shutterstock","og_url":"https:\/\/www.preference-events.com\/en\/credits\/","og_site_name":"Preference Events","article_publisher":"https:\/\/www.facebook.com\/PREFERENCE-EVENTS-566017730128761\/","article_modified_time":"2020-02-19T08:56:37+00:00","twitter_card":"summary_large_image","schema":{"@context":"https:\/\/schema.org","@graph":[{"@type":"WebPage","@id":"https:\/\/www.preference-events.com\/en\/credits\/","url":"https:\/\/www.preference-events.com\/en\/credits\/","name":"SUPERLOVERS pour Preference Events","isPartOf":{"@id":"https:\/\/www.preference-events.com\/#website"},"datePublished":"2015-10-20T14:04:48+00:00","dateModified":"2020-02-19T08:56:37+00:00","breadcrumb":{"@id":"https:\/\/www.preference-events.com\/en\/credits\/#breadcrumb"},"inLanguage":"en-US","potentialAction":[{"@type":"ReadAction","target":["https:\/\/www.preference-events.com\/en\/credits\/"]}]},{"@type":"BreadcrumbList","@id":"https:\/\/www.preference-events.com\/en\/credits\/#breadcrumb","itemListElement":[{"@type":"ListItem","position":1,"name":"Accueil","item":"https:\/\/www.preference-events.com\/en\/"},{"@type":"ListItem","position":2,"name":"Cr\u00e9dits"}]},{"@type":"WebSite","@id":"https:\/\/www.preference-events.com\/#website","url":"https:\/\/www.preference-events.com\/","name":"Preference Events","description":"","potentialAction":[{"@type":"SearchAction","target":{"@type":"EntryPoint","urlTemplate":"https:\/\/www.preference-events.com\/?s={search_term_string}"},"query-input":{"@type":"PropertyValueSpecification","valueRequired":true,"valueName":"search_term_string"}}],"inLanguage":"en-US"}]}},"_links":{"self":[{"href":"https:\/\/www.preference-events.com\/en\/wp-json\/wp\/v2\/pages\/4582","targetHints":{"allow":["GET"]}}],"collection":[{"href":"https:\/\/www.preference-events.com\/en\/wp-json\/wp\/v2\/pages"}],"about":[{"href":"https:\/\/www.preference-events.com\/en\/wp-json\/wp\/v2\/types\/page"}],"author":[{"embeddable":true,"href":"https:\/\/www.preference-events.com\/en\/wp-json\/wp\/v2\/users\/1"}],"replies":[{"embeddable":true,"href":"https:\/\/www.preference-events.com\/en\/wp-json\/wp\/v2\/comments?post=4582"}],"version-history":[{"count":1,"href":"https:\/\/www.preference-events.com\/en\/wp-json\/wp\/v2\/pages\/4582\/revisions"}],"predecessor-version":[{"id":4583,"href":"https:\/\/www.preference-events.com\/en\/wp-json\/wp\/v2\/pages\/4582\/revisions\/4583"}],"wp:attachment":[{"href":"https:\/\/www.preference-events.com\/en\/wp-json\/wp\/v2\/media?parent=4582"}],"curies":[{"name":"wp","href":"https:\/\/api.w.org\/{rel}","templated":true}]}}