{"id":4585,"date":"2015-10-13T10:13:35","date_gmt":"2015-10-13T09:13:35","guid":{"rendered":"https:\/\/www.preference-events.com\/agence-incentive-team-building\/"},"modified":"2020-02-19T09:57:21","modified_gmt":"2020-02-19T08:57:21","slug":"agence-incentive-team-building","status":"publish","type":"page","link":"https:\/\/www.preference-events.com\/en\/agence-incentive-team-building\/","title":{"rendered":"Incentives &#8211; Team building"},"content":{"rendered":"<p style=\"text-align: justify;\">Parce qu\u2019une \u00e9quipe a sans cesse besoin d\u2019\u00eatre motiv\u00e9e, ressoud\u00e9e, ressourc\u00e9e, entra\u00een\u00e9e, PREFERENCE EVENTS a con\u00e7u pour les entreprises des <strong>programmes d\u2019incentive<\/strong> et de <strong>team building<\/strong>, contenant des activit\u00e9s diversifi\u00e9es, toujours r\u00e9alis\u00e9es sur mesure.<\/p>\n<p style=\"text-align: justify;\">\n<p style=\"text-align: justify;\">Ces programmes, adapt\u00e9s au cas par cas en fonction de votre probl\u00e9matique, sont dirig\u00e9s par des coachs professionnels et permettent de mettre l\u2019accent et d\u2019am\u00e9liorer des points sp\u00e9cifiques internes \u00e0 votre entreprise. Agence de team Building et s\u00e9minaires incentives, PREFERENCE EVENTS vous propose des<strong> id\u00e9es innovantes et originales<\/strong> pour organiser et animer vos <strong>s\u00e9minaires et<\/strong> <strong>journ\u00e9es d\u2019entreprise<\/strong>. La rubrique \u00ab&nbsp;INCENTIVE&nbsp; TEAM BUILDING\u00bb&nbsp; vous permettra de d\u00e9couvrir une s\u00e9lection d\u2019activit\u00e9s de <strong>team building<\/strong> \u00e0 organiser dans le cadre <strong>d&#8217;un \u00e9v\u00e9nement corporate, d\u2019un s\u00e9minaire d\u2019entreprise ou d\u2019un voyage incentive. <\/strong><\/p>\n<p style=\"text-align: justify;\">\n<p style=\"text-align: justify;\">Le team building, litt\u00e9ralement \u00ab&nbsp;construction d\u2019\u00e9quipe&nbsp;\u00bb, <strong>favorise la coh\u00e9sion d&#8217;\u00e9quipe, permet <\/strong>de travailler en \u00e9quipe afin d&#8217;optimiser les comp\u00e9tences de chacun et cr\u00e9e une atmosph\u00e8re propice au travail.<strong>Vous voulez motiver vos salari\u00e9s ? <\/strong>Optez pour un team-building en \u00e9quipes : <strong>rallye dans un mus\u00e9e<\/strong> (Rallye au Mus\u00e9e du Louvre, Mus\u00e9e d\u2019Orsay \u00e0 Paris mais aussi dans de nombreux mus\u00e9es en France et \u00e0 l\u2019\u00e9tranger), <strong>chasse au tr\u00e9sor (\u00e0 Paris<\/strong> ou en Province), comp\u00e9titions sportives (team building rugby, r\u00e9gate, relais\u2026), challenge cuisine, team building danse, team building cin\u00e9ma<strong>, <\/strong>team building construction, team building rallye en 2CV, en zodiac, en 4&#215;4, en quad, en kart, au volant d\u2019une voiture de course\u2026 bref un large choix d&#8217;activit\u00e9s team building pour les entreprises s&#8217;adaptant \u00e0 tous les profils de participants.Nous proposons de nombreuses activit\u00e9s de team building \u00e0 effectuer en ext\u00e9rieur, mais \u00e9galement des activit\u00e9s indoor \u00e0 pratiquer en hiver&#8230;<\/p>\n<p style=\"text-align: justify;\">\n<p style=\"text-align: justify;\">V<strong>ous voulez f\u00e9d\u00e9rer votre \u00e9quipe ?&nbsp;<\/strong>Les team-building cr\u00e9atifs sont id\u00e9aux pour f\u00e9d\u00e9rer une \u00e9quipe, lui permettre de partager un challenge collectif.&nbsp; Pour <strong>favoriser la coh\u00e9sion d&#8217;\u00e9quipe<\/strong>, choisissez des activit\u00e9s team building telles que la r\u00e9alisation d\u2019une fresque collective, l\u2019initiation aux percussions, un team building cin\u00e9ma, un atelier parfums ou chocolat, atelier de construction de voiture ou de radeau\u2026 La plupart des <strong>activit\u00e9s team building que nous proposons <\/strong>s&#8217;organisent dans le cadre d&#8217;un <span style=\"color: #9b7b00;\"><a style=\"color: #9b7b00;\" href=\"https:\/\/www.preference-events.com\/en\/evenements-paris-france-monde\/\">\u00e9v\u00e9nement corporate<\/a><\/span>,&nbsp; <span style=\"color: #9b7b00;\"><a style=\"color: #9b7b00;\" href=\"\/?p=359\">s\u00e9minaire d\u2019entreprise<\/a><\/span>, <span style=\"color: #9b7b00;\"><a style=\"color: #9b7b00;\" href=\"\/?p=1604\">voyage incentive<\/a><\/span>, <span style=\"color: #9b7b00;\"><a style=\"color: #9b7b00;\" href=\"https:\/\/www.preference-events.com\/evenements\/soirees-inoubliables\/\">soir\u00e9e d&#8217;entreprise<\/a><\/span> ou tout simplement d\u2019une <span style=\"color: #9b7b00;\"><a style=\"color: #9b7b00;\" href=\"https:\/\/www.preference-events.com\/agence-incentive-team-building\/organisation-dune-course-dorientation\/\">journ\u00e9e incentive<\/a><\/span> consacr\u00e9e \u00e0 la motivation de vos \u00e9quipes.<br \/>\nPREFERENCE EVENTS organise des activit\u00e9s <strong>team building <\/strong>\u00e0 <span style=\"color: #9b7b00;\"><a style=\"color: #9b7b00;\" href=\"\/?p=1250\">Paris<\/a><\/span>, \u00e0 <span style=\"color: #9b7b00;\"><a style=\"color: #9b7b00;\" href=\"\/?p=998\">Cannes<\/a><\/span>, \u00e0 <span style=\"color: #9b7b00;\"><a style=\"color: #9b7b00;\" href=\"\/?p=1057\">Marseille<\/a><\/span>, <span style=\"color: #9b7b00;\"><a style=\"color: #9b7b00;\" href=\"\/?p=2079\">Bordeaux<\/a><\/span>, <span style=\"color: #9b7b00;\"><a style=\"color: #9b7b00;\" href=\"\/?p=1014\">Deauville<\/a><\/span>, partout en <span style=\"color: #9b7b00;\"><a style=\"color: #9b7b00;\" href=\"\/?p=1153\">France<\/a><\/span> et \u00e0 <span style=\"color: #9b7b00;\"><a style=\"color: #9b7b00;\" href=\"https:\/\/www.preference-events.com\/en\/nos-destinations\/\">l\u2019\u00e9tranger<\/a><\/span><strong>.<\/strong><\/p>\n","protected":false},"excerpt":{"rendered":"<p>Parce qu\u2019une \u00e9quipe a sans cesse besoin d\u2019\u00eatre motiv\u00e9e, ressoud\u00e9e, ressourc\u00e9e, entra\u00een\u00e9e, PREFERENCE EVENTS a con\u00e7u pour les entreprises des programmes d\u2019incentive et de team building, contenant des activit\u00e9s diversifi\u00e9es, toujours r\u00e9alis\u00e9es sur mesure. Ces programmes, adapt\u00e9s au cas par cas en fonction de votre probl\u00e9matique, sont dirig\u00e9s par des coachs professionnels et permettent de [&hellip;]<\/p>\n","protected":false},"author":1,"featured_media":0,"parent":0,"menu_order":150,"comment_status":"closed","ping_status":"closed","template":"","meta":{"_acf_changed":false,"footnotes":""},"class_list":["post-4585","page","type-page","status-publish","hentry"],"acf":[],"yoast_head":"<!-- This site is optimized with the Yoast SEO plugin v27.1.1 - https:\/\/yoast.com\/product\/yoast-seo-wordpress\/ -->\n<title>Ev\u00e9nements incentives par PREFERENCE EVENTS<\/title>\n<meta name=\"description\" content=\"Cr\u00e9er des voyages incentives pour vos \u00e9quipes ! \u00c0 vous de jouer : d\u00e9veloppez l&#039;esprit d&#039;\u00e9quipe et motivez, ressoudez, ressourcez-les en France ou \u00e0 l&#039;\u00e9tranger.\u00a0\" \/>\n<meta name=\"robots\" content=\"index, follow, max-snippet:-1, max-image-preview:large, max-video-preview:-1\" \/>\n<link rel=\"canonical\" href=\"https:\/\/www.preference-events.com\/en\/agence-incentive-team-building\/\" \/>\n<meta property=\"og:locale\" content=\"en_US\" \/>\n<meta property=\"og:type\" content=\"article\" \/>\n<meta property=\"og:title\" content=\"Ev\u00e9nements incentives par PREFERENCE EVENTS\" \/>\n<meta property=\"og:description\" content=\"Cr\u00e9er des voyages incentives pour vos \u00e9quipes ! \u00c0 vous de jouer : d\u00e9veloppez l&#039;esprit d&#039;\u00e9quipe et motivez, ressoudez, ressourcez-les en France ou \u00e0 l&#039;\u00e9tranger.\u00a0\" \/>\n<meta property=\"og:url\" content=\"https:\/\/www.preference-events.com\/en\/agence-incentive-team-building\/\" \/>\n<meta property=\"og:site_name\" content=\"Preference Events\" \/>\n<meta property=\"article:publisher\" content=\"https:\/\/www.facebook.com\/PREFERENCE-EVENTS-566017730128761\/\" \/>\n<meta property=\"article:modified_time\" content=\"2020-02-19T08:57:21+00:00\" \/>\n<meta name=\"twitter:card\" content=\"summary_large_image\" \/>\n<meta name=\"twitter:label1\" content=\"Est. reading time\" \/>\n\t<meta name=\"twitter:data1\" content=\"2 minutes\" \/>\n<script type=\"application\/ld+json\" class=\"yoast-schema-graph\">{\"@context\":\"https:\/\/schema.org\",\"@graph\":[{\"@type\":\"WebPage\",\"@id\":\"https:\/\/www.preference-events.com\/en\/agence-incentive-team-building\/\",\"url\":\"https:\/\/www.preference-events.com\/en\/agence-incentive-team-building\/\",\"name\":\"Ev\u00e9nements incentives par PREFERENCE EVENTS\",\"isPartOf\":{\"@id\":\"https:\/\/www.preference-events.com\/#website\"},\"datePublished\":\"2015-10-13T09:13:35+00:00\",\"dateModified\":\"2020-02-19T08:57:21+00:00\",\"description\":\"Cr\u00e9er des voyages incentives pour vos \u00e9quipes ! \u00c0 vous de jouer : d\u00e9veloppez l'esprit d'\u00e9quipe et motivez, ressoudez, ressourcez-les en France ou \u00e0 l'\u00e9tranger.\u00a0\",\"breadcrumb\":{\"@id\":\"https:\/\/www.preference-events.com\/en\/agence-incentive-team-building\/#breadcrumb\"},\"inLanguage\":\"en-US\",\"potentialAction\":[{\"@type\":\"ReadAction\",\"target\":[\"https:\/\/www.preference-events.com\/en\/agence-incentive-team-building\/\"]}]},{\"@type\":\"BreadcrumbList\",\"@id\":\"https:\/\/www.preference-events.com\/en\/agence-incentive-team-building\/#breadcrumb\",\"itemListElement\":[{\"@type\":\"ListItem\",\"position\":1,\"name\":\"Accueil\",\"item\":\"https:\/\/www.preference-events.com\/en\/\"},{\"@type\":\"ListItem\",\"position\":2,\"name\":\"Incentives &#8211; Team building\"}]},{\"@type\":\"WebSite\",\"@id\":\"https:\/\/www.preference-events.com\/#website\",\"url\":\"https:\/\/www.preference-events.com\/\",\"name\":\"Preference Events\",\"description\":\"\",\"potentialAction\":[{\"@type\":\"SearchAction\",\"target\":{\"@type\":\"EntryPoint\",\"urlTemplate\":\"https:\/\/www.preference-events.com\/?s={search_term_string}\"},\"query-input\":{\"@type\":\"PropertyValueSpecification\",\"valueRequired\":true,\"valueName\":\"search_term_string\"}}],\"inLanguage\":\"en-US\"}]}<\/script>\n<!-- \/ Yoast SEO plugin. -->","yoast_head_json":{"title":"Ev\u00e9nements incentives par PREFERENCE EVENTS","description":"Cr\u00e9er des voyages incentives pour vos \u00e9quipes ! \u00c0 vous de jouer : d\u00e9veloppez l'esprit d'\u00e9quipe et motivez, ressoudez, ressourcez-les en France ou \u00e0 l'\u00e9tranger.\u00a0","robots":{"index":"index","follow":"follow","max-snippet":"max-snippet:-1","max-image-preview":"max-image-preview:large","max-video-preview":"max-video-preview:-1"},"canonical":"https:\/\/www.preference-events.com\/en\/agence-incentive-team-building\/","og_locale":"en_US","og_type":"article","og_title":"Ev\u00e9nements incentives par PREFERENCE EVENTS","og_description":"Cr\u00e9er des voyages incentives pour vos \u00e9quipes ! \u00c0 vous de jouer : d\u00e9veloppez l'esprit d'\u00e9quipe et motivez, ressoudez, ressourcez-les en France ou \u00e0 l'\u00e9tranger.\u00a0","og_url":"https:\/\/www.preference-events.com\/en\/agence-incentive-team-building\/","og_site_name":"Preference Events","article_publisher":"https:\/\/www.facebook.com\/PREFERENCE-EVENTS-566017730128761\/","article_modified_time":"2020-02-19T08:57:21+00:00","twitter_card":"summary_large_image","twitter_misc":{"Est. reading time":"2 minutes"},"schema":{"@context":"https:\/\/schema.org","@graph":[{"@type":"WebPage","@id":"https:\/\/www.preference-events.com\/en\/agence-incentive-team-building\/","url":"https:\/\/www.preference-events.com\/en\/agence-incentive-team-building\/","name":"Ev\u00e9nements incentives par PREFERENCE EVENTS","isPartOf":{"@id":"https:\/\/www.preference-events.com\/#website"},"datePublished":"2015-10-13T09:13:35+00:00","dateModified":"2020-02-19T08:57:21+00:00","description":"Cr\u00e9er des voyages incentives pour vos \u00e9quipes ! \u00c0 vous de jouer : d\u00e9veloppez l'esprit d'\u00e9quipe et motivez, ressoudez, ressourcez-les en France ou \u00e0 l'\u00e9tranger.\u00a0","breadcrumb":{"@id":"https:\/\/www.preference-events.com\/en\/agence-incentive-team-building\/#breadcrumb"},"inLanguage":"en-US","potentialAction":[{"@type":"ReadAction","target":["https:\/\/www.preference-events.com\/en\/agence-incentive-team-building\/"]}]},{"@type":"BreadcrumbList","@id":"https:\/\/www.preference-events.com\/en\/agence-incentive-team-building\/#breadcrumb","itemListElement":[{"@type":"ListItem","position":1,"name":"Accueil","item":"https:\/\/www.preference-events.com\/en\/"},{"@type":"ListItem","position":2,"name":"Incentives &#8211; Team building"}]},{"@type":"WebSite","@id":"https:\/\/www.preference-events.com\/#website","url":"https:\/\/www.preference-events.com\/","name":"Preference Events","description":"","potentialAction":[{"@type":"SearchAction","target":{"@type":"EntryPoint","urlTemplate":"https:\/\/www.preference-events.com\/?s={search_term_string}"},"query-input":{"@type":"PropertyValueSpecification","valueRequired":true,"valueName":"search_term_string"}}],"inLanguage":"en-US"}]}},"_links":{"self":[{"href":"https:\/\/www.preference-events.com\/en\/wp-json\/wp\/v2\/pages\/4585","targetHints":{"allow":["GET"]}}],"collection":[{"href":"https:\/\/www.preference-events.com\/en\/wp-json\/wp\/v2\/pages"}],"about":[{"href":"https:\/\/www.preference-events.com\/en\/wp-json\/wp\/v2\/types\/page"}],"author":[{"embeddable":true,"href":"https:\/\/www.preference-events.com\/en\/wp-json\/wp\/v2\/users\/1"}],"replies":[{"embeddable":true,"href":"https:\/\/www.preference-events.com\/en\/wp-json\/wp\/v2\/comments?post=4585"}],"version-history":[{"count":1,"href":"https:\/\/www.preference-events.com\/en\/wp-json\/wp\/v2\/pages\/4585\/revisions"}],"predecessor-version":[{"id":4587,"href":"https:\/\/www.preference-events.com\/en\/wp-json\/wp\/v2\/pages\/4585\/revisions\/4587"}],"wp:attachment":[{"href":"https:\/\/www.preference-events.com\/en\/wp-json\/wp\/v2\/media?parent=4585"}],"curies":[{"name":"wp","href":"https:\/\/api.w.org\/{rel}","templated":true}]}}