{"id":4593,"date":"2017-05-09T10:31:52","date_gmt":"2017-05-09T09:31:52","guid":{"rendered":"https:\/\/www.preference-events.com\/soirees-paris-france-monde\/"},"modified":"2020-02-19T09:58:35","modified_gmt":"2020-02-19T08:58:35","slug":"soirees-paris-france-monde","status":"publish","type":"page","link":"https:\/\/www.preference-events.com\/en\/soirees-paris-france-monde\/","title":{"rendered":"Th\u00e9matiques de soir\u00e9es"},"content":{"rendered":"<div class=\"h2 policetitreregular\"><strong><span class=\"policeregular\">DES SOIR\u00c9ES D\u2019EXCEPTION ORGANIS\u00c9ES SUR MESURE DANS LE MONDE ENTIER<\/span><\/strong><\/div>\n","protected":false},"excerpt":{"rendered":"<p>DES SOIR\u00c9ES D\u2019EXCEPTION ORGANIS\u00c9ES SUR MESURE DANS LE MONDE ENTIER<\/p>\n","protected":false},"author":1,"featured_media":0,"parent":0,"menu_order":180,"comment_status":"closed","ping_status":"closed","template":"page-soiree.php","meta":{"_acf_changed":false,"footnotes":""},"class_list":["post-4593","page","type-page","status-publish","hentry"],"acf":[],"yoast_head":"<!-- This site is optimized with the Yoast SEO plugin v27.1.1 - https:\/\/yoast.com\/product\/yoast-seo-wordpress\/ -->\n<title>Th\u00e9matiques de soir\u00e9es - Preference Events<\/title>\n<meta name=\"robots\" content=\"index, follow, max-snippet:-1, max-image-preview:large, max-video-preview:-1\" \/>\n<link rel=\"canonical\" href=\"https:\/\/www.preference-events.com\/en\/soirees-paris-france-monde\/\" \/>\n<meta property=\"og:locale\" content=\"en_US\" \/>\n<meta property=\"og:type\" content=\"article\" \/>\n<meta property=\"og:title\" content=\"Th\u00e9matiques de soir\u00e9es - Preference Events\" \/>\n<meta property=\"og:description\" content=\"DES SOIR\u00c9ES D\u2019EXCEPTION ORGANIS\u00c9ES SUR MESURE DANS LE MONDE ENTIER\" \/>\n<meta property=\"og:url\" content=\"https:\/\/www.preference-events.com\/en\/soirees-paris-france-monde\/\" \/>\n<meta property=\"og:site_name\" content=\"Preference Events\" \/>\n<meta property=\"article:publisher\" content=\"https:\/\/www.facebook.com\/PREFERENCE-EVENTS-566017730128761\/\" \/>\n<meta property=\"article:modified_time\" content=\"2020-02-19T08:58:35+00:00\" \/>\n<meta name=\"twitter:card\" content=\"summary_large_image\" \/>\n<script type=\"application\/ld+json\" class=\"yoast-schema-graph\">{\"@context\":\"https:\/\/schema.org\",\"@graph\":[{\"@type\":\"WebPage\",\"@id\":\"https:\/\/www.preference-events.com\/en\/soirees-paris-france-monde\/\",\"url\":\"https:\/\/www.preference-events.com\/en\/soirees-paris-france-monde\/\",\"name\":\"Th\u00e9matiques de soir\u00e9es - Preference Events\",\"isPartOf\":{\"@id\":\"https:\/\/www.preference-events.com\/#website\"},\"datePublished\":\"2017-05-09T09:31:52+00:00\",\"dateModified\":\"2020-02-19T08:58:35+00:00\",\"breadcrumb\":{\"@id\":\"https:\/\/www.preference-events.com\/en\/soirees-paris-france-monde\/#breadcrumb\"},\"inLanguage\":\"en-US\",\"potentialAction\":[{\"@type\":\"ReadAction\",\"target\":[\"https:\/\/www.preference-events.com\/en\/soirees-paris-france-monde\/\"]}]},{\"@type\":\"BreadcrumbList\",\"@id\":\"https:\/\/www.preference-events.com\/en\/soirees-paris-france-monde\/#breadcrumb\",\"itemListElement\":[{\"@type\":\"ListItem\",\"position\":1,\"name\":\"Accueil\",\"item\":\"https:\/\/www.preference-events.com\/en\/\"},{\"@type\":\"ListItem\",\"position\":2,\"name\":\"Th\u00e9matiques de soir\u00e9es\"}]},{\"@type\":\"WebSite\",\"@id\":\"https:\/\/www.preference-events.com\/#website\",\"url\":\"https:\/\/www.preference-events.com\/\",\"name\":\"Preference Events\",\"description\":\"\",\"potentialAction\":[{\"@type\":\"SearchAction\",\"target\":{\"@type\":\"EntryPoint\",\"urlTemplate\":\"https:\/\/www.preference-events.com\/?s={search_term_string}\"},\"query-input\":{\"@type\":\"PropertyValueSpecification\",\"valueRequired\":true,\"valueName\":\"search_term_string\"}}],\"inLanguage\":\"en-US\"}]}<\/script>\n<!-- \/ Yoast SEO plugin. -->","yoast_head_json":{"title":"Th\u00e9matiques de soir\u00e9es - Preference Events","robots":{"index":"index","follow":"follow","max-snippet":"max-snippet:-1","max-image-preview":"max-image-preview:large","max-video-preview":"max-video-preview:-1"},"canonical":"https:\/\/www.preference-events.com\/en\/soirees-paris-france-monde\/","og_locale":"en_US","og_type":"article","og_title":"Th\u00e9matiques de soir\u00e9es - Preference Events","og_description":"DES SOIR\u00c9ES D\u2019EXCEPTION ORGANIS\u00c9ES SUR MESURE DANS LE MONDE ENTIER","og_url":"https:\/\/www.preference-events.com\/en\/soirees-paris-france-monde\/","og_site_name":"Preference Events","article_publisher":"https:\/\/www.facebook.com\/PREFERENCE-EVENTS-566017730128761\/","article_modified_time":"2020-02-19T08:58:35+00:00","twitter_card":"summary_large_image","schema":{"@context":"https:\/\/schema.org","@graph":[{"@type":"WebPage","@id":"https:\/\/www.preference-events.com\/en\/soirees-paris-france-monde\/","url":"https:\/\/www.preference-events.com\/en\/soirees-paris-france-monde\/","name":"Th\u00e9matiques de soir\u00e9es - Preference Events","isPartOf":{"@id":"https:\/\/www.preference-events.com\/#website"},"datePublished":"2017-05-09T09:31:52+00:00","dateModified":"2020-02-19T08:58:35+00:00","breadcrumb":{"@id":"https:\/\/www.preference-events.com\/en\/soirees-paris-france-monde\/#breadcrumb"},"inLanguage":"en-US","potentialAction":[{"@type":"ReadAction","target":["https:\/\/www.preference-events.com\/en\/soirees-paris-france-monde\/"]}]},{"@type":"BreadcrumbList","@id":"https:\/\/www.preference-events.com\/en\/soirees-paris-france-monde\/#breadcrumb","itemListElement":[{"@type":"ListItem","position":1,"name":"Accueil","item":"https:\/\/www.preference-events.com\/en\/"},{"@type":"ListItem","position":2,"name":"Th\u00e9matiques de soir\u00e9es"}]},{"@type":"WebSite","@id":"https:\/\/www.preference-events.com\/#website","url":"https:\/\/www.preference-events.com\/","name":"Preference Events","description":"","potentialAction":[{"@type":"SearchAction","target":{"@type":"EntryPoint","urlTemplate":"https:\/\/www.preference-events.com\/?s={search_term_string}"},"query-input":{"@type":"PropertyValueSpecification","valueRequired":true,"valueName":"search_term_string"}}],"inLanguage":"en-US"}]}},"_links":{"self":[{"href":"https:\/\/www.preference-events.com\/en\/wp-json\/wp\/v2\/pages\/4593","targetHints":{"allow":["GET"]}}],"collection":[{"href":"https:\/\/www.preference-events.com\/en\/wp-json\/wp\/v2\/pages"}],"about":[{"href":"https:\/\/www.preference-events.com\/en\/wp-json\/wp\/v2\/types\/page"}],"author":[{"embeddable":true,"href":"https:\/\/www.preference-events.com\/en\/wp-json\/wp\/v2\/users\/1"}],"replies":[{"embeddable":true,"href":"https:\/\/www.preference-events.com\/en\/wp-json\/wp\/v2\/comments?post=4593"}],"version-history":[{"count":1,"href":"https:\/\/www.preference-events.com\/en\/wp-json\/wp\/v2\/pages\/4593\/revisions"}],"predecessor-version":[{"id":4595,"href":"https:\/\/www.preference-events.com\/en\/wp-json\/wp\/v2\/pages\/4593\/revisions\/4595"}],"wp:attachment":[{"href":"https:\/\/www.preference-events.com\/en\/wp-json\/wp\/v2\/media?parent=4593"}],"curies":[{"name":"wp","href":"https:\/\/api.w.org\/{rel}","templated":true}]}}